{"id":74068,"date":"2023-12-18T10:48:20","date_gmt":"2023-12-18T09:48:20","guid":{"rendered":"https:\/\/lohmann-breeders.com\/?page_id=74068"},"modified":"2023-12-18T10:55:56","modified_gmt":"2023-12-18T09:55:56","slug":"compliance-hinweisgeber","status":"publish","type":"page","link":"https:\/\/lohmann-breeders.com\/de\/compliance-hinweisgeber\/","title":{"rendered":"Compliance \u2013 Hinweisgeber"},"content":{"rendered":"\n<h3 class=\"wp-block-heading\">Wir haben ein System zur Meldung von Verst\u00f6\u00dfen eingef\u00fchrt.<\/h3>\n\n\n\n<p>Sie haben die M\u00f6glichkeit, \u00fcber unsere Meldestelle Ihre Meldung abzugeben. Sie entscheiden, ob und welche Ihrer Kontaktdaten Sie angeben und ob Sie eine R\u00fcckmeldung w\u00fcnschen. Sofern Sie eine R\u00fcckmeldung w\u00fcnschen und Ihre Kontaktdaten angeben, erhalten Sie innerhalb von 7 Tagen eine Best\u00e4tigung \u00fcber den Eingang Ihrer Meldung auf dem von Ihnen angegebenen Kommunikationsweg.<\/p>\n\n\n\n<p>Im Weiteren erhalten Sie innerhalb von 3 Monaten eine Information \u00fcber den Umgang mit Ihrem Hinweis einschl. etwaigen ergriffene Ma\u00dfnahmen. Ihre Meldung geht direkt an unsere externe Ombudsstelle (datenschutz nord GmbH, Dominik Bleckmann, Volljurist), die sie vertraulich behandelt und nach einer ersten Pr\u00fcfung zur weiteren Veranlassung an unsere interne Stelle weiterleitet.<\/p>\n\n\n\n<p>Ihre Meldungen k\u00f6nnen Sie abgeben durch:<\/p>\n\n\n\n<p>&#8211; pers\u00f6nliche Vorsprache nach Vereinbarung eines Termins,<\/p>\n\n\n\n<p>&#8211; durch \u00dcbersendung einer schriftlichen Meldung per Post,<\/p>\n\n\n\n<p>&#8211; telefonisch<\/p>\n\n\n\n<p>&#8211; elektronisch per E-Mail<\/p>\n\n\n\n<p><\/p>\n\n\n\n<p>Datenschutz nord GmbH, Konsul-Smidt-Str. 88, 28217 Bremen<\/p>\n\n\n\n<p>Telefon: +49 421 6966 32 349 E-Mail-Adresse: compliance@dsn-group.de<\/p>\n\n\n\n<p>Sie haben die M\u00f6glichkeit, Meldungen zu Rechtsverst\u00f6\u00dfen oder rechtsmissbr\u00e4uchlichem Verhalten, insbesondere in folgenden Bereichen abgeben:<\/p>\n\n\n\n<p>-strafbewehrte Verst\u00f6\u00dfe<\/p>\n\n\n\n<p>-bu\u00dfgeldbewehrte Verst\u00f6\u00dfe gegen Schutznormen f\u00fcr Leib, Leben und Gesundheit, oder Besch\u00e4ftigte und ihre Vertretungsorgane \u2013 \u00d6ffentliches Auftragswesen \u2013 Finanzdienstleistungen, Finanzprodukte und Finanzm\u00e4rkte sowie Verhinderung von Geldw\u00e4sche und Terrorismusfinanzierung, \u2013 Produktsicherheit und -konformit\u00e4t \u2013 Verkehrssicherheit \u2013 Umweltschutz<\/p>\n\n\n\n<p>\u2013 Lebensmittelsicherheit \u2013 Tiergesundheit und \u00f6ffentliche Gesundheit \u2013 Verbraucherschutz \u2013 Schutz der Privatsph\u00e4re und personenbezogener Daten sowie Sicherheit von Netz- und Informationssystemen \u2013 Verst\u00f6\u00dfe gegen die finanziellen Interessen der Union im Sinne von Artikel 325 AEUV sowie gem\u00e4\u00df den genaueren Definitionen in einschl\u00e4gigen Unionsma\u00dfnahmen \u2013 Verst\u00f6\u00dfe gegen die Binnenmarktvorschriften im Sinne von Artikel 26 Absatz 2 AEUV, einschlie\u00dflich Verst\u00f6\u00dfe gegen Unionsvorschriften \u00fcber Wettbewerb und staatliche Beihilfen, sowie -Verst\u00f6\u00dfe gegen die Binnenmarktvorschriften in Bezug auf Handlungen, die die K\u00f6rperschaftsteuer-Vorschriften verletzen oder in Bezug auf Vereinbarungen, die darauf abzielen, sich einen steuerlichen Vorteil zu verschaffen, der dem Ziel oder dem Zweck des geltenden K\u00f6rperschaftsteuerrechts zuwiderl\u00e4uft. Diese Aufz\u00e4hlung ist nicht abschlie\u00dfend. Auch k\u00f6nnen Sie Hinweise zu Verst\u00f6\u00dfen in anderen Bereichen abgeben. Den genauen Anwendungsbereich, der im Folgenden aufgef\u00fchrt wird, entnehmen Sie <a href=\"https:\/\/www.gesetze-im-internet.de\/hinschg\/__2.html\">\u00a7 2 HinSchG<\/a>.<\/p>\n\n\n\n<p>Anwendungsbereich der Meldestelle gem. <a href=\"https:\/\/www.gesetze-im-internet.de\/hinschg\/__2.html\">\u00a7 2 HinSchG<\/a><\/p>\n\n\n\n<p>Die Meldestelle ist f\u00fcr die Entgegennahme von Meldungen \u00fcber folgende Bereiche zust\u00e4ndig:<\/p>\n\n\n\n<p>-Verst\u00f6\u00dfe, die strafbewehrt sind,<\/p>\n\n\n\n<p>&#8211; Verst\u00f6\u00dfe, die bu\u00dfgeldbewehrt sind, soweit die verletzte Vorschrift dem Schutz von Leben, Leib oder Gesundheit oder dem Schutz der Rechte von Besch\u00e4ftigten oder ihrer Vertretungsorgane dient,<\/p>\n\n\n\n<p>-sonstige Verst\u00f6\u00dfe gegen Rechtsvorschriften des Bundes und der L\u00e4nder sowie unmittelbar geltende Rechtsakte der Europ\u00e4ischen Union und der Europ\u00e4ischen Atomgemeinschaft<\/p>\n\n\n\n<p>-zur Bek\u00e4mpfung von Geldw\u00e4sche und Terrorismusfinanzierung, unter Einschluss insbesondere des Geldw\u00e4schegesetzes und der Verordnung (EU) 2015\/847 des Europ\u00e4ischen Parlaments und des Rates vom 20. Mai 2015 \u00fcber die \u00dcbermittlung von Angaben bei Geldtransfers und zur Aufhebung der Verordnung (EU) Nr. 1781\/2006 (ABl. L 141 vom 5.6.2015, S. 1), die durch die Verordnung (EU) 2019\/2175 (ABl. L 334 vom 27.12.2019, S. 1) ge\u00e4ndert worden ist, in der jeweils geltenden Fassung,<\/p>\n\n\n\n<p>-mit Vorgaben zur Produktsicherheit und -konformit\u00e4t,<\/p>\n\n\n\n<p>-mit Vorgaben zur Sicherheit im Stra\u00dfenverkehr, die das Stra\u00dfeninfrastruktursicherheitsmanagement, die Sicherheitsanforderungen in Stra\u00dfentunneln sowie die Zulassung zum Beruf des G\u00fcterkraftverkehrsunternehmers oder des Personenkraftverkehrsunternehmers (Kraftomnibusunternehmen) betreffen,<\/p>\n\n\n\n<p>-mit Vorgaben zur Gew\u00e4hrleistung der Eisenbahnbetriebssicherheit,<\/p>\n\n\n\n<p>-mit Vorgaben zur Sicherheit im Seeverkehr betreffend Vorschriften der Europ\u00e4ischen Union f\u00fcr die Anerkennung von Schiffs\u00fcberpr\u00fcfungs- und -besichtigungsorganisationen, die Haftung und Versicherung des Bef\u00f6rderers bei der Bef\u00f6rderung von Reisenden auf See, die Zulassung von Schiffsausr\u00fcstung, die Seesicherheitsuntersuchung, die Seeleute-Ausbildung, die Registrierung von Personen auf Fahrgastschiffen in der Seeschifffahrt sowie Vorschriften und Verfahrensregeln der Europ\u00e4ischen Union f\u00fcr das sichere Be- und Entladen von Massengutschiffen,<\/p>\n\n\n\n<p>mit Vorgaben zur zivilen Luftverkehrssicherheit im Sinne der Abwehr von Gefahren f\u00fcr die betriebliche und technische Sicherheit und im Sinne der Flugsicherung,<\/p>\n\n\n\n<p>-mit Vorgaben zur sicheren Bef\u00f6rderung gef\u00e4hrlicher G\u00fcter auf der Stra\u00dfe, per Eisenbahn und per Binnenschiff,<\/p>\n\n\n\n<p>-mit Vorgaben zum Umweltschutz,<\/p>\n\n\n\n<p>-mit Vorgaben zum Strahlenschutz und zur kerntechnischen Sicherheit,<\/p>\n\n\n\n<p>-zur F\u00f6rderung der Nutzung von Energie aus erneuerbaren Quellen und der Energieeffizienz,<\/p>\n\n\n\n<p>-zur Lebensmittel- und Futtermittelsicherheit, zur \u00f6kologischen Produktion und zur Kennzeichnung von \u00f6kologischen Erzeugnissen, zum Schutz geografischer Angaben f\u00fcr Agrarerzeugnisse und Lebensmittel einschlie\u00dflich Wein, aromatisierter Weinerzeugnisse und Spirituosen sowie garantiert traditioneller Spezialit\u00e4ten, zum Inverkehrbringen und<\/p>\n\n\n\n<p>Verwenden von Pflanzenschutzmitteln sowie zur Tiergesundheit und zum Tierschutz, soweit sie den Schutz von landwirtschaftlichen Nutztieren, den Schutz von Tieren zum Zeitpunkt der T\u00f6tung, die Haltung von Wildtieren in Zoos, den Schutz der f\u00fcr wissenschaftliche Zwecke verwendeten Tiere sowie den Transport von Tieren und die damit zusammenh\u00e4ngenden Vorg\u00e4nge betreffen,<\/p>\n\n\n\n<p>-zu Qualit\u00e4ts- und Sicherheitsstandards f\u00fcr Organe und Substanzen menschlichen Ursprungs, Human- und Tierarzneimittel, Medizinprodukte sowie die grenz\u00fcberschreitende Patientenversorgung,<\/p>\n\n\n\n<p>-zur Herstellung, zur Aufmachung und zum Verkauf von Tabakerzeugnissen und verwandten Erzeugnissen,<\/p>\n\n\n\n<p>-zur Regelung der Verbraucherrechte und des Verbraucherschutzes im Zusammenhang mit Vertr\u00e4gen zwischen Unternehmern und Verbrauchern sowie zum Schutz von Verbrauchern im Bereich der Zahlungskonten und Finanzdienstleistungen, bei Preisangaben sowie vor unlauteren gesch\u00e4ftlichen Handlungen,<\/p>\n\n\n\n<p>-zum Schutz der Privatsph\u00e4re in der elektronischen Kommunikation, zum Schutz der Vertraulichkeit der Kommunikation, zum Schutz personenbezogener Daten im Bereich der elektronischen Kommunikation, zum Schutz der Privatsph\u00e4re der Endeinrichtungen von Nutzern und von in diesen Endeinrichtungen gespeicherten Informationen, zum Schutz vor unzumutbaren Bel\u00e4stigungen durch Werbung mittels Telefonanrufen, automatischen Anrufmaschinen, Faxger\u00e4ten oder elektronischer Post sowie \u00fcber die Rufnummernanzeige und -unterdr\u00fcckung und zur Aufnahme in Teilnehmerverzeichnisse,<\/p>\n\n\n\n<p>-zum Schutz personenbezogener Daten im Anwendungsbereich der Verordnung (EU) 2016\/679 des Europ\u00e4ischen Parlaments und des Rates vom 27. April 2016 zum Schutz nat\u00fcrlicher Personen bei der Verarbeitung personenbezogener Daten, zum freien Datenverkehr und zur Aufhebung der Richtlinie 95\/46\/EG (Datenschutz-Grundverordnung) (ABl. L 119 vom 4.5.2016, S. 1; L 314 vom 22.11.2016, S. 72; L 127 vom 23.5.2018, S. 2; L 74 vom 4.3.2021, S. 35) gem\u00e4\u00df deren Artikel 2,<\/p>\n\n\n\n<p>-zur Sicherheit in der Informationstechnik im Sinne des \u00a7 2 Absatz 2 des BSI-Gesetzes von Anbietern digitaler Dienste im Sinne des \u00a7 2 Absatz 12 des BSI-Gesetzes,<\/p>\n\n\n\n<p>-zur Regelung der Rechte von Aktion\u00e4ren von Aktiengesellschaften,<\/p>\n\n\n\n<p>-zur Abschlusspr\u00fcfung bei Unternehmen von \u00f6ffentlichem Interesse nach \u00a7 316a Satz 2 des Handelsgesetzbuchs,<\/p>\n\n\n\n<p>-zur Rechnungslegung einschlie\u00dflich der Buchf\u00fchrung von Unternehmen, die kapitalmarktorientiert im Sinne des \u00a7 264d des Handelsgesetzbuchs sind, von Kreditinstituten im Sinne des \u00a7 340 Absatz 1 des Handelsgesetzbuchs, Finanzdienstleistungsinstituten im Sinne des \u00a7 340 Absatz 4 Satz 1 des Handelsgesetzbuchs, Wertpapierinstituten im Sinne des \u00a7 340 Absatz 4a Satz 1 des Handelsgesetzbuchs, Instituten im Sinne des \u00a7 340 Absatz 5 Satz 1 des Handelsgesetzbuchs, Versicherungsunternehmen im Sinne des \u00a7 341 Absatz 1 des Handelsgesetzbuchs und Pensionsfonds im Sinne des \u00a7 341 Absatz 4 Satz 1 des Handelsgesetzbuchs,<\/p>\n\n\n\n<p>-Verst\u00f6\u00dfe gegen bundesrechtlich und einheitlich geltende Regelungen f\u00fcr Auftraggeber zum Verfahren der Vergabe von \u00f6ffentlichen Auftr\u00e4gen und Konzessionen und zum Rechtsschutz in diesen Verfahren ab Erreichen der jeweils ma\u00dfgeblichen EU-Schwellenwerte,<\/p>\n\n\n\n<p>-Verst\u00f6\u00dfe, die von \u00a7 4d Absatz 1 Satz 1 des Finanzdienstleistungsaufsichtsgesetzes erfasst sind, soweit sich nicht aus \u00a7 4 Absatz 1 Satz 1 etwas anderes ergibt,<\/p>\n\n\n\n<p>-Verst\u00f6\u00dfe gegen f\u00fcr K\u00f6rperschaften und Personenhandelsgesellschaften geltende steuerliche Rechtsnormen,<\/p>\n\n\n\n<p>-Verst\u00f6\u00dfe in Form von Vereinbarungen, die darauf abzielen, sich in missbr\u00e4uchlicher Weise einen steuerlichen Vorteil zu verschaffen, der dem Ziel oder dem Zweck des f\u00fcr K\u00f6rperschaften und Personenhandelsgesellschaften geltenden Steuerrechts zuwiderl\u00e4uft,<\/p>\n\n\n\n<p>-Verst\u00f6\u00dfe gegen die Artikel 101 und 102 des Vertrags \u00fcber die Arbeitsweise der Europ\u00e4ischen Union sowie Verst\u00f6\u00dfe gegen die in \u00a7 81 Absatz 2 Nummer 1, 2 Buchstabe a und Nummer 5 sowie Absatz 3 des Gesetzes gegen Wettbewerbsbeschr\u00e4nkungen genannten Rechtsvorschriften,<\/p>\n\n\n\n<p>-Verst\u00f6\u00dfe gegen Vorschriften der Verordnung (EU) 2022\/1925 des Europ\u00e4ischen Parlaments und des Rates vom 14. September 2022 \u00fcber bestreitbare und faire M\u00e4rkte im digitalen Sektor und zur \u00c4nderung der Richtlinien (EU) 2019\/1937 und (EU) 2020\/1828 (Gesetz \u00fcber digitale M\u00e4rkte) (ABl. L 265 vom 12.10.2022, S. 1),<\/p>\n\n\n\n<p>-\u00c4u\u00dferungen von Beamtinnen und Beamten, die einen Versto\u00df gegen die Pflicht zur Verfassungstreue darstellen.<\/p>\n\n\n\n<p>-Verst\u00f6\u00dfe gegen den Schutz der finanziellen Interessen der Europ\u00e4ischen Union im Sinne des Artikels 325 des Vertrags \u00fcber die Arbeitsweise der Europ\u00e4ischen Union und<\/p>\n\n\n\n<p>-Verst\u00f6\u00dfe gegen Binnenmarktvorschriften im Sinne des Artikels 26 Absatz 2 des Vertrags \u00fcber die Arbeitsweise der Europ\u00e4ischen Union, einschlie\u00dflich \u00fcber Absatz 1 Nummer 8 hinausgehender Vorschriften der Europ\u00e4ischen Union \u00fcber Wettbewerb und staatliche Beihilfen.<\/p>\n","protected":false},"excerpt":{"rendered":"Wir haben ein System zur Meldung von Verst\u00f6\u00dfen eingef\u00fchrt. Sie haben die M\u00f6glichkeit, \u00fcber unsere Meldestelle Ihre Meldung abzugeben. Sie entscheiden, ob und welche Ihrer Kontaktdaten Sie angeben und ob Sie eine R\u00fcckmeldung w\u00fcnschen. Sofern Sie eine R\u00fcckmeldung w\u00fcnschen und Ihre Kontaktdaten angeben, erhalten Sie innerhalb von 7 Tagen eine Best\u00e4tigung \u00fcber den Eingang Ihrer [&hellip;]","protected":false},"author":8,"featured_media":0,"parent":0,"menu_order":0,"comment_status":"closed","ping_status":"closed","template":"template-compliance-german.php","meta":{"_acf_changed":false,"ngg_post_thumbnail":0,"footnotes":""},"class_list":["post-74068","page","type-page","status-publish","hentry"],"acf":[],"yoast_head":"<title>Compliance \u2013 Hinweisgeber - Lohmann Breeders<\/title>\n<meta name=\"robots\" content=\"index, follow, max-snippet:-1, max-image-preview:large, max-video-preview:-1\" \/>\n<link rel=\"canonical\" href=\"https:\/\/lohmann-breeders.com\/de\/compliance-hinweisgeber\/\" \/>\n<meta property=\"og:locale\" content=\"de_DE\" \/>\n<meta property=\"og:type\" content=\"article\" \/>\n<meta property=\"og:title\" content=\"Compliance \u2013 Hinweisgeber - Lohmann Breeders\" \/>\n<meta property=\"og:description\" content=\"Wir haben ein System zur Meldung von Verst\u00f6\u00dfen eingef\u00fchrt. Sie haben die M\u00f6glichkeit, \u00fcber unsere Meldestelle Ihre Meldung abzugeben. Sie entscheiden, ob und welche Ihrer Kontaktdaten Sie angeben und ob Sie eine R\u00fcckmeldung w\u00fcnschen. Sofern Sie eine R\u00fcckmeldung w\u00fcnschen und Ihre Kontaktdaten angeben, erhalten Sie innerhalb von 7 Tagen eine Best\u00e4tigung \u00fcber den Eingang Ihrer [&hellip;]\" \/>\n<meta property=\"og:url\" content=\"https:\/\/lohmann-breeders.com\/de\/compliance-hinweisgeber\/\" \/>\n<meta property=\"og:site_name\" content=\"Lohmann Breeders\" \/>\n<meta property=\"article:modified_time\" content=\"2023-12-18T09:55:56+00:00\" \/>\n<meta name=\"twitter:card\" content=\"summary_large_image\" \/>\n<meta name=\"twitter:label1\" content=\"Gesch\u00e4tzte Lesezeit\" \/>\n\t<meta name=\"twitter:data1\" content=\"6\u00a0Minuten\" \/>\n<script type=\"application\/ld+json\" class=\"yoast-schema-graph\">{\"@context\":\"https:\/\/schema.org\",\"@graph\":[{\"@type\":\"WebPage\",\"@id\":\"https:\/\/lohmann-breeders.com\/de\/compliance-hinweisgeber\/\",\"url\":\"https:\/\/lohmann-breeders.com\/de\/compliance-hinweisgeber\/\",\"name\":\"Compliance \u2013 Hinweisgeber - Lohmann Breeders\",\"isPartOf\":{\"@id\":\"https:\/\/lohmann-breeders.com\/de\/#website\"},\"datePublished\":\"2023-12-18T09:48:20+00:00\",\"dateModified\":\"2023-12-18T09:55:56+00:00\",\"breadcrumb\":{\"@id\":\"https:\/\/lohmann-breeders.com\/de\/compliance-hinweisgeber\/#breadcrumb\"},\"inLanguage\":\"de\",\"potentialAction\":[{\"@type\":\"ReadAction\",\"target\":[\"https:\/\/lohmann-breeders.com\/de\/compliance-hinweisgeber\/\"]}]},{\"@type\":\"BreadcrumbList\",\"@id\":\"https:\/\/lohmann-breeders.com\/de\/compliance-hinweisgeber\/#breadcrumb\",\"itemListElement\":[{\"@type\":\"ListItem\",\"position\":1,\"name\":\"Home\",\"item\":\"https:\/\/lohmann-breeders.com\/de\/\"},{\"@type\":\"ListItem\",\"position\":2,\"name\":\"Compliance \u2013 Hinweisgeber\"}]},{\"@type\":\"WebSite\",\"@id\":\"https:\/\/lohmann-breeders.com\/de\/#website\",\"url\":\"https:\/\/lohmann-breeders.com\/de\/\",\"name\":\"Lohmann Breeders\",\"description\":\"VERGANGENHEIT - GEGENWART - ZUKUNFT\",\"publisher\":{\"@id\":\"https:\/\/lohmann-breeders.com\/de\/#organization\"},\"potentialAction\":[{\"@type\":\"SearchAction\",\"target\":{\"@type\":\"EntryPoint\",\"urlTemplate\":\"https:\/\/lohmann-breeders.com\/de\/?s={search_term_string}\"},\"query-input\":{\"@type\":\"PropertyValueSpecification\",\"valueRequired\":true,\"valueName\":\"search_term_string\"}}],\"inLanguage\":\"de\"},{\"@type\":\"Organization\",\"@id\":\"https:\/\/lohmann-breeders.com\/de\/#organization\",\"name\":\"Lohmann Breeders\",\"url\":\"https:\/\/lohmann-breeders.com\/de\/\",\"logo\":{\"@type\":\"ImageObject\",\"inLanguage\":\"de\",\"@id\":\"https:\/\/lohmann-breeders.com\/de\/#\/schema\/logo\/image\/\",\"url\":\"https:\/\/lohmann-breeders.com\/media\/2020\/07\/LOHMANN-Technical-Service-Team-0.jpg\",\"contentUrl\":\"https:\/\/lohmann-breeders.com\/media\/2020\/07\/LOHMANN-Technical-Service-Team-0.jpg\",\"width\":800,\"height\":800,\"caption\":\"Lohmann Breeders\"},\"image\":{\"@id\":\"https:\/\/lohmann-breeders.com\/de\/#\/schema\/logo\/image\/\"}}]}<\/script>","yoast_head_json":{"title":"Compliance \u2013 Hinweisgeber - Lohmann Breeders","robots":{"index":"index","follow":"follow","max-snippet":"max-snippet:-1","max-image-preview":"max-image-preview:large","max-video-preview":"max-video-preview:-1"},"canonical":"https:\/\/lohmann-breeders.com\/de\/compliance-hinweisgeber\/","og_locale":"de_DE","og_type":"article","og_title":"Compliance \u2013 Hinweisgeber - Lohmann Breeders","og_description":"Wir haben ein System zur Meldung von Verst\u00f6\u00dfen eingef\u00fchrt. Sie haben die M\u00f6glichkeit, \u00fcber unsere Meldestelle Ihre Meldung abzugeben. Sie entscheiden, ob und welche Ihrer Kontaktdaten Sie angeben und ob Sie eine R\u00fcckmeldung w\u00fcnschen. Sofern Sie eine R\u00fcckmeldung w\u00fcnschen und Ihre Kontaktdaten angeben, erhalten Sie innerhalb von 7 Tagen eine Best\u00e4tigung \u00fcber den Eingang Ihrer [&hellip;]","og_url":"https:\/\/lohmann-breeders.com\/de\/compliance-hinweisgeber\/","og_site_name":"Lohmann Breeders","article_modified_time":"2023-12-18T09:55:56+00:00","twitter_card":"summary_large_image","twitter_misc":{"Gesch\u00e4tzte Lesezeit":"6\u00a0Minuten"},"schema":{"@context":"https:\/\/schema.org","@graph":[{"@type":"WebPage","@id":"https:\/\/lohmann-breeders.com\/de\/compliance-hinweisgeber\/","url":"https:\/\/lohmann-breeders.com\/de\/compliance-hinweisgeber\/","name":"Compliance \u2013 Hinweisgeber - Lohmann Breeders","isPartOf":{"@id":"https:\/\/lohmann-breeders.com\/de\/#website"},"datePublished":"2023-12-18T09:48:20+00:00","dateModified":"2023-12-18T09:55:56+00:00","breadcrumb":{"@id":"https:\/\/lohmann-breeders.com\/de\/compliance-hinweisgeber\/#breadcrumb"},"inLanguage":"de","potentialAction":[{"@type":"ReadAction","target":["https:\/\/lohmann-breeders.com\/de\/compliance-hinweisgeber\/"]}]},{"@type":"BreadcrumbList","@id":"https:\/\/lohmann-breeders.com\/de\/compliance-hinweisgeber\/#breadcrumb","itemListElement":[{"@type":"ListItem","position":1,"name":"Home","item":"https:\/\/lohmann-breeders.com\/de\/"},{"@type":"ListItem","position":2,"name":"Compliance \u2013 Hinweisgeber"}]},{"@type":"WebSite","@id":"https:\/\/lohmann-breeders.com\/de\/#website","url":"https:\/\/lohmann-breeders.com\/de\/","name":"Lohmann Breeders","description":"VERGANGENHEIT - GEGENWART - ZUKUNFT","publisher":{"@id":"https:\/\/lohmann-breeders.com\/de\/#organization"},"potentialAction":[{"@type":"SearchAction","target":{"@type":"EntryPoint","urlTemplate":"https:\/\/lohmann-breeders.com\/de\/?s={search_term_string}"},"query-input":{"@type":"PropertyValueSpecification","valueRequired":true,"valueName":"search_term_string"}}],"inLanguage":"de"},{"@type":"Organization","@id":"https:\/\/lohmann-breeders.com\/de\/#organization","name":"Lohmann Breeders","url":"https:\/\/lohmann-breeders.com\/de\/","logo":{"@type":"ImageObject","inLanguage":"de","@id":"https:\/\/lohmann-breeders.com\/de\/#\/schema\/logo\/image\/","url":"https:\/\/lohmann-breeders.com\/media\/2020\/07\/LOHMANN-Technical-Service-Team-0.jpg","contentUrl":"https:\/\/lohmann-breeders.com\/media\/2020\/07\/LOHMANN-Technical-Service-Team-0.jpg","width":800,"height":800,"caption":"Lohmann Breeders"},"image":{"@id":"https:\/\/lohmann-breeders.com\/de\/#\/schema\/logo\/image\/"}}]}},"_links":{"self":[{"href":"https:\/\/lohmann-breeders.com\/de\/wp-json\/wp\/v2\/pages\/74068","targetHints":{"allow":["GET"]}}],"collection":[{"href":"https:\/\/lohmann-breeders.com\/de\/wp-json\/wp\/v2\/pages"}],"about":[{"href":"https:\/\/lohmann-breeders.com\/de\/wp-json\/wp\/v2\/types\/page"}],"author":[{"embeddable":true,"href":"https:\/\/lohmann-breeders.com\/de\/wp-json\/wp\/v2\/users\/8"}],"replies":[{"embeddable":true,"href":"https:\/\/lohmann-breeders.com\/de\/wp-json\/wp\/v2\/comments?post=74068"}],"version-history":[{"count":2,"href":"https:\/\/lohmann-breeders.com\/de\/wp-json\/wp\/v2\/pages\/74068\/revisions"}],"predecessor-version":[{"id":74070,"href":"https:\/\/lohmann-breeders.com\/de\/wp-json\/wp\/v2\/pages\/74068\/revisions\/74070"}],"wp:attachment":[{"href":"https:\/\/lohmann-breeders.com\/de\/wp-json\/wp\/v2\/media?parent=74068"}],"curies":[{"name":"wp","href":"https:\/\/api.w.org\/{rel}","templated":true}]}}